{"id":119,"date":"2024-07-05T17:15:21","date_gmt":"2024-07-05T15:15:21","guid":{"rendered":"http:\/\/ferrodesign.pl\/?page_id=119"},"modified":"2024-07-27T16:11:26","modified_gmt":"2024-07-27T14:11:26","slug":"119-2","status":"publish","type":"page","link":"https:\/\/ferrodesign.pl\/?page_id=119","title":{"rendered":"Produkcja Siatki Ogrodzeniowej"},"content":{"rendered":"<p>[et_pb_section fb_built=&#8221;1&#8243; admin_label=&#8221;Call to Action&#8221; _builder_version=&#8221;4.19.2&#8243; _module_preset=&#8221;default&#8221; collapsed=&#8221;on&#8221; global_colors_info=&#8221;{}&#8221;][et_pb_row column_structure=&#8221;1_2,1_2&#8243; _builder_version=&#8221;4.19.0&#8243; _module_preset=&#8221;default&#8221; global_colors_info=&#8221;{}&#8221;][et_pb_column type=&#8221;1_2&#8243; _builder_version=&#8221;4.19.0&#8243; _module_preset=&#8221;default&#8221; custom_padding=&#8221;8%||8%||true|false&#8221; custom_padding_tablet=&#8221;0%||0%||true|false&#8221; custom_padding_phone=&#8221;0%||0%||true|false&#8221; custom_padding_last_edited=&#8221;on|tablet&#8221; global_colors_info=&#8221;{}&#8221;][et_pb_text _builder_version=&#8221;4.19.2&#8243; _module_preset=&#8221;84f9c6de-14f0-4b57-9fd3-6c35f362866f&#8221; global_colors_info=&#8221;{}&#8221;]<\/p>\n<h1>Produkcja siatki ogrodzeniowej plecionej<\/h1>\n<p>[\/et_pb_text][et_pb_text _builder_version=&#8221;4.24.2&#8243; _module_preset=&#8221;145e0511-1fe0-45a2-b783-d740a2355b49&#8243; global_colors_info=&#8221;{}&#8221;]<\/p>\n<p style=\"text-align: justify;\"><span>Specjalizujemy si\u0119 w produkcji siatki ogrodzeniowej plecionej, kt\u00f3ra idealnie nadaje si\u0119 do zabezpieczenia ka\u017cdej posesji. Nasza siatka jest wykonana z wysokiej jako\u015bci materia\u0142\u00f3w, co zapewnia jej wytrzyma\u0142o\u015b\u0107 i d\u0142ugowieczno\u015b\u0107. Oferujemy r\u00f3\u017cne wysoko\u015bci i grubo\u015bci drutu, aby dostosowa\u0107 produkt do specyficznych potrzeb klienta. Siatka jest \u0142atwa w monta\u017cu i doskonale sprawdza si\u0119 zar\u00f3wno w zastosowaniach prywatnych, jak i komercyjnych. Skontaktuj si\u0119 z nami, aby dowiedzie\u0107 si\u0119 wi\u0119cej o dost\u0119pnych opcjach i zam\u00f3wi\u0107 siatk\u0119 idealnie dopasowan\u0105 do Twoich potrzeb.<\/span><\/p>\n<p>[\/et_pb_text][\/et_pb_column][et_pb_column type=&#8221;1_2&#8243; _builder_version=&#8221;4.19.0&#8243; _module_preset=&#8221;default&#8221; global_colors_info=&#8221;{}&#8221;][et_pb_image src=&#8221;https:\/\/ferrodesign.pl\/wp-content\/uploads\/2024\/07\/IMG_20240207_184420-1-1024&#215;768.jpg&#8221; title_text=&#8221;IMG_20240207_184420&#8243; _builder_version=&#8221;4.24.2&#8243; _module_preset=&#8221;default&#8221; global_colors_info=&#8221;{}&#8221;][\/et_pb_image][\/et_pb_column][\/et_pb_row][\/et_pb_section][et_pb_section fb_built=&#8221;1&#8243; _builder_version=&#8221;4.24.2&#8243; _module_preset=&#8221;default&#8221; global_colors_info=&#8221;{}&#8221;][et_pb_row _builder_version=&#8221;4.24.2&#8243; _module_preset=&#8221;default&#8221; global_colors_info=&#8221;{}&#8221;][et_pb_column type=&#8221;4_4&#8243; _builder_version=&#8221;4.24.2&#8243; _module_preset=&#8221;default&#8221; global_colors_info=&#8221;{}&#8221;][et_pb_gallery gallery_ids=&#8221;309,310,311,312,325,323,322,326&#8243; show_title_and_caption=&#8221;off&#8221; hover_icon=&#8221;&#x54;||divi||400&#8243; _builder_version=&#8221;4.24.2&#8243; _module_preset=&#8221;default&#8221; global_colors_info=&#8221;{}&#8221;][\/et_pb_gallery][\/et_pb_column][\/et_pb_row][\/et_pb_section]<\/p>\n","protected":false},"excerpt":{"rendered":"<p>Produkcja siatki ogrodzeniowej plecionejSpecjalizujemy si\u0119 w produkcji siatki ogrodzeniowej plecionej, kt\u00f3ra idealnie nadaje si\u0119 do zabezpieczenia ka\u017cdej posesji. Nasza siatka jest wykonana z wysokiej jako\u015bci materia\u0142\u00f3w, co zapewnia jej wytrzyma\u0142o\u015b\u0107 i d\u0142ugowieczno\u015b\u0107. Oferujemy r\u00f3\u017cne wysoko\u015bci i grubo\u015bci drutu, aby dostosowa\u0107 produkt do specyficznych potrzeb klienta. Siatka jest \u0142atwa w monta\u017cu i doskonale sprawdza si\u0119 zar\u00f3wno [&hellip;]<\/p>\n","protected":false},"author":1,"featured_media":0,"parent":0,"menu_order":0,"comment_status":"closed","ping_status":"closed","template":"","meta":{"_et_pb_use_builder":"on","_et_pb_old_content":"","_et_gb_content_width":"","footnotes":""},"class_list":["post-119","page","type-page","status-publish","hentry"],"_links":{"self":[{"href":"https:\/\/ferrodesign.pl\/index.php?rest_route=\/wp\/v2\/pages\/119","targetHints":{"allow":["GET"]}}],"collection":[{"href":"https:\/\/ferrodesign.pl\/index.php?rest_route=\/wp\/v2\/pages"}],"about":[{"href":"https:\/\/ferrodesign.pl\/index.php?rest_route=\/wp\/v2\/types\/page"}],"author":[{"embeddable":true,"href":"https:\/\/ferrodesign.pl\/index.php?rest_route=\/wp\/v2\/users\/1"}],"replies":[{"embeddable":true,"href":"https:\/\/ferrodesign.pl\/index.php?rest_route=%2Fwp%2Fv2%2Fcomments&post=119"}],"version-history":[{"count":14,"href":"https:\/\/ferrodesign.pl\/index.php?rest_route=\/wp\/v2\/pages\/119\/revisions"}],"predecessor-version":[{"id":753,"href":"https:\/\/ferrodesign.pl\/index.php?rest_route=\/wp\/v2\/pages\/119\/revisions\/753"}],"wp:attachment":[{"href":"https:\/\/ferrodesign.pl\/index.php?rest_route=%2Fwp%2Fv2%2Fmedia&parent=119"}],"curies":[{"name":"wp","href":"https:\/\/api.w.org\/{rel}","templated":true}]}}