{"id":137,"date":"2024-07-05T17:26:59","date_gmt":"2024-07-05T15:26:59","guid":{"rendered":"http:\/\/ferrodesign.pl\/?page_id=137"},"modified":"2024-07-27T16:41:59","modified_gmt":"2024-07-27T14:41:59","slug":"137-2","status":"publish","type":"page","link":"https:\/\/ferrodesign.pl\/?page_id=137","title":{"rendered":"Monta\u017ce ogrodze\u0144 i konstrukcji stalowych"},"content":{"rendered":"<p>[et_pb_section fb_built=&#8221;1&#8243; admin_label=&#8221;Call to Action&#8221; _builder_version=&#8221;4.19.2&#8243; _module_preset=&#8221;default&#8221; collapsed=&#8221;on&#8221; global_colors_info=&#8221;{}&#8221;][et_pb_row column_structure=&#8221;1_2,1_2&#8243; _builder_version=&#8221;4.19.0&#8243; _module_preset=&#8221;default&#8221; global_colors_info=&#8221;{}&#8221;][et_pb_column type=&#8221;1_2&#8243; _builder_version=&#8221;4.19.0&#8243; _module_preset=&#8221;default&#8221; custom_padding=&#8221;8%||8%||true|false&#8221; custom_padding_tablet=&#8221;0%||0%||true|false&#8221; custom_padding_phone=&#8221;0%||0%||true|false&#8221; custom_padding_last_edited=&#8221;on|tablet&#8221; global_colors_info=&#8221;{}&#8221;][et_pb_text _builder_version=&#8221;4.24.2&#8243; _module_preset=&#8221;84f9c6de-14f0-4b57-9fd3-6c35f362866f&#8221; hover_enabled=&#8221;0&#8243; global_colors_info=&#8221;{}&#8221; sticky_enabled=&#8221;0&#8243;]<\/p>\n<h1>Produkcja i monta\u017c ogrodze\u0144 oraz konstrukcji stalowych<\/h1>\n<p>[\/et_pb_text][et_pb_text _builder_version=&#8221;4.24.2&#8243; _module_preset=&#8221;145e0511-1fe0-45a2-b783-d740a2355b49&#8243; global_colors_info=&#8221;{}&#8221;]<\/p>\n<p style=\"text-align: justify;\">Oferujemy profesjonalny monta\u017c ogrodze\u0144 i konstrukcji stalowych, zapewniaj\u0105c solidno\u015b\u0107 i estetyk\u0119 ka\u017cdej realizacji. Nasz zesp\u00f3\u0142 sk\u0142ada si\u0119 z do\u015bwiadczonych fachowc\u00f3w, kt\u00f3rzy dbaj\u0105 o ka\u017cdy etap monta\u017cu, od przygotowania terenu po finalne wyko\u0144czenie. U\u017cywamy wy\u0142\u0105cznie sprawdzonych materia\u0142\u00f3w, co gwarantuje trwa\u0142o\u015b\u0107 i odporno\u015b\u0107 na warunki atmosferyczne. Dostosowujemy nasze us\u0142ugi do indywidualnych potrzeb klient\u00f3w, oferuj\u0105c zar\u00f3wno standardowe, jak i nietypowe rozwi\u0105zania. Zapraszamy do kontaktu, aby om\u00f3wi\u0107 szczeg\u00f3\u0142y i uzyska\u0107 darmow\u0105 wycen\u0119.<\/p>\n<p>[\/et_pb_text][\/et_pb_column][et_pb_column type=&#8221;1_2&#8243; _builder_version=&#8221;4.19.0&#8243; _module_preset=&#8221;default&#8221; global_colors_info=&#8221;{}&#8221;][et_pb_image src=&#8221;https:\/\/ferrodesign.pl\/wp-content\/uploads\/2024\/07\/IMG_20220219_112049-1024&#215;769.jpg&#8221; title_text=&#8221;IMG_20220219_112049&#8243; _builder_version=&#8221;4.24.2&#8243; _module_preset=&#8221;default&#8221; global_colors_info=&#8221;{}&#8221;][\/et_pb_image][\/et_pb_column][\/et_pb_row][\/et_pb_section][et_pb_section fb_built=&#8221;1&#8243; _builder_version=&#8221;4.24.2&#8243; _module_preset=&#8221;default&#8221; global_colors_info=&#8221;{}&#8221;][et_pb_row _builder_version=&#8221;4.24.2&#8243; _module_preset=&#8221;default&#8221; global_colors_info=&#8221;{}&#8221;][et_pb_column type=&#8221;4_4&#8243; _builder_version=&#8221;4.24.2&#8243; _module_preset=&#8221;default&#8221; global_colors_info=&#8221;{}&#8221;][et_pb_gallery gallery_ids=&#8221;319,320,321,322,323,324,325,326,327,328,377,376,375,374,373,372,371,370,369,368,367,366,365&#8243; show_title_and_caption=&#8221;off&#8221; hover_icon=&#8221;&#x54;||divi||400&#8243; _builder_version=&#8221;4.24.2&#8243; _module_preset=&#8221;default&#8221; global_colors_info=&#8221;{}&#8221;][\/et_pb_gallery][\/et_pb_column][\/et_pb_row][\/et_pb_section]<\/p>\n","protected":false},"excerpt":{"rendered":"<p>Produkcja i monta\u017c ogrodze\u0144 oraz konstrukcji stalowychOferujemy profesjonalny monta\u017c ogrodze\u0144 i konstrukcji stalowych, zapewniaj\u0105c solidno\u015b\u0107 i estetyk\u0119 ka\u017cdej realizacji. Nasz zesp\u00f3\u0142 sk\u0142ada si\u0119 z do\u015bwiadczonych fachowc\u00f3w, kt\u00f3rzy dbaj\u0105 o ka\u017cdy etap monta\u017cu, od przygotowania terenu po finalne wyko\u0144czenie. U\u017cywamy wy\u0142\u0105cznie sprawdzonych materia\u0142\u00f3w, co gwarantuje trwa\u0142o\u015b\u0107 i odporno\u015b\u0107 na warunki atmosferyczne. Dostosowujemy nasze us\u0142ugi do indywidualnych [&hellip;]<\/p>\n","protected":false},"author":1,"featured_media":0,"parent":0,"menu_order":0,"comment_status":"closed","ping_status":"closed","template":"","meta":{"_et_pb_use_builder":"on","_et_pb_old_content":"","_et_gb_content_width":"","footnotes":""},"class_list":["post-137","page","type-page","status-publish","hentry"],"_links":{"self":[{"href":"https:\/\/ferrodesign.pl\/index.php?rest_route=\/wp\/v2\/pages\/137","targetHints":{"allow":["GET"]}}],"collection":[{"href":"https:\/\/ferrodesign.pl\/index.php?rest_route=\/wp\/v2\/pages"}],"about":[{"href":"https:\/\/ferrodesign.pl\/index.php?rest_route=\/wp\/v2\/types\/page"}],"author":[{"embeddable":true,"href":"https:\/\/ferrodesign.pl\/index.php?rest_route=\/wp\/v2\/users\/1"}],"replies":[{"embeddable":true,"href":"https:\/\/ferrodesign.pl\/index.php?rest_route=%2Fwp%2Fv2%2Fcomments&post=137"}],"version-history":[{"count":15,"href":"https:\/\/ferrodesign.pl\/index.php?rest_route=\/wp\/v2\/pages\/137\/revisions"}],"predecessor-version":[{"id":760,"href":"https:\/\/ferrodesign.pl\/index.php?rest_route=\/wp\/v2\/pages\/137\/revisions\/760"}],"wp:attachment":[{"href":"https:\/\/ferrodesign.pl\/index.php?rest_route=%2Fwp%2Fv2%2Fmedia&parent=137"}],"curies":[{"name":"wp","href":"https:\/\/api.w.org\/{rel}","templated":true}]}}