{"id":152,"date":"2024-07-05T17:38:45","date_gmt":"2024-07-05T15:38:45","guid":{"rendered":"http:\/\/ferrodesign.pl\/?page_id=152"},"modified":"2024-07-27T16:10:47","modified_gmt":"2024-07-27T14:10:47","slug":"produkcja-metalowych-schodow-na-zamowienie","status":"publish","type":"page","link":"https:\/\/ferrodesign.pl\/?page_id=152","title":{"rendered":"Produkcja Metalowych Schod\u00f3w i Balustrad na Zam\u00f3wienie"},"content":{"rendered":"<p>[et_pb_section fb_built=&#8221;1&#8243; admin_label=&#8221;Call to Action&#8221; _builder_version=&#8221;4.19.2&#8243; _module_preset=&#8221;default&#8221; collapsed=&#8221;on&#8221; global_colors_info=&#8221;{}&#8221;][et_pb_row column_structure=&#8221;1_2,1_2&#8243; _builder_version=&#8221;4.19.0&#8243; _module_preset=&#8221;default&#8221; global_colors_info=&#8221;{}&#8221;][et_pb_column type=&#8221;1_2&#8243; _builder_version=&#8221;4.19.0&#8243; _module_preset=&#8221;default&#8221; custom_padding=&#8221;8%||8%||true|false&#8221; custom_padding_tablet=&#8221;0%||0%||true|false&#8221; custom_padding_phone=&#8221;0%||0%||true|false&#8221; custom_padding_last_edited=&#8221;on|tablet&#8221; global_colors_info=&#8221;{}&#8221;][et_pb_text _builder_version=&#8221;4.19.2&#8243; _module_preset=&#8221;84f9c6de-14f0-4b57-9fd3-6c35f362866f&#8221; global_colors_info=&#8221;{}&#8221;]<\/p>\n<h1>Produkcja metalowych schod\u00f3w i balustrad na zam\u00f3wienie<\/h1>\n<p>[\/et_pb_text][et_pb_text _builder_version=&#8221;4.24.2&#8243; _module_preset=&#8221;145e0511-1fe0-45a2-b783-d740a2355b49&#8243; global_colors_info=&#8221;{}&#8221;]<\/p>\n<p style=\"text-align: justify;\">Nasza firma specjalizuje si\u0119 w produkcji metalowych schod\u00f3w i balustrad, kt\u00f3re \u0142\u0105cz\u0105 w sobie funkcjonalno\u015b\u0107 z wyj\u0105tkowym designem. Ka\u017cdy projekt realizowany jest z dba\u0142o\u015bci\u0105 o najmniejsze detale, aby spe\u0142ni\u0107 indywidualne wymagania naszych klient\u00f3w. U\u017cywamy wy\u0142\u0105cznie najwy\u017cszej jako\u015bci materia\u0142\u00f3w, co gwarantuje trwa\u0142o\u015b\u0107 i bezpiecze\u0144stwo naszych produkt\u00f3w. Dzi\u0119ki nowoczesnym technologiom jeste\u015bmy w stanie tworzy\u0107 zar\u00f3wno klasyczne, jak i nowoczesne rozwi\u0105zania. Skontaktuj si\u0119 z nami, aby om\u00f3wi\u0107 sw\u00f3j projekt i przekona\u0107 si\u0119, jak mo\u017cemy pom\u00f3c zrealizowa\u0107 Twoj\u0105 wizj\u0119.<\/p>\n<p>[\/et_pb_text][\/et_pb_column][et_pb_column type=&#8221;1_2&#8243; _builder_version=&#8221;4.19.0&#8243; _module_preset=&#8221;default&#8221; global_colors_info=&#8221;{}&#8221;][et_pb_image src=&#8221;https:\/\/ferrodesign.pl\/wp-content\/uploads\/2024\/07\/FB_IMG_1639273931658.jpg&#8221; title_text=&#8221;FB_IMG_1639273931658&#8243; _builder_version=&#8221;4.24.2&#8243; _module_preset=&#8221;default&#8221; global_colors_info=&#8221;{}&#8221;][\/et_pb_image][\/et_pb_column][\/et_pb_row][\/et_pb_section][et_pb_section fb_built=&#8221;1&#8243; _builder_version=&#8221;4.24.2&#8243; _module_preset=&#8221;default&#8221; global_colors_info=&#8221;{}&#8221;][et_pb_row _builder_version=&#8221;4.24.2&#8243; _module_preset=&#8221;default&#8221; global_colors_info=&#8221;{}&#8221;][et_pb_column type=&#8221;4_4&#8243; _builder_version=&#8221;4.24.2&#8243; _module_preset=&#8221;default&#8221; global_colors_info=&#8221;{}&#8221;][et_pb_gallery gallery_ids=&#8221;341,342,343,344,345,346,347&#8243; show_title_and_caption=&#8221;off&#8221; hover_icon=&#8221;&#x54;||divi||400&#8243; _builder_version=&#8221;4.24.2&#8243; _module_preset=&#8221;default&#8221; global_colors_info=&#8221;{}&#8221;][\/et_pb_gallery][\/et_pb_column][\/et_pb_row][\/et_pb_section]<\/p>\n","protected":false},"excerpt":{"rendered":"<p>Produkcja metalowych schod\u00f3w i balustrad na zam\u00f3wienieNasza firma specjalizuje si\u0119 w produkcji metalowych schod\u00f3w i balustrad, kt\u00f3re \u0142\u0105cz\u0105 w sobie funkcjonalno\u015b\u0107 z wyj\u0105tkowym designem. Ka\u017cdy projekt realizowany jest z dba\u0142o\u015bci\u0105 o najmniejsze detale, aby spe\u0142ni\u0107 indywidualne wymagania naszych klient\u00f3w. U\u017cywamy wy\u0142\u0105cznie najwy\u017cszej jako\u015bci materia\u0142\u00f3w, co gwarantuje trwa\u0142o\u015b\u0107 i bezpiecze\u0144stwo naszych produkt\u00f3w. Dzi\u0119ki nowoczesnym technologiom jeste\u015bmy [&hellip;]<\/p>\n","protected":false},"author":1,"featured_media":0,"parent":0,"menu_order":0,"comment_status":"closed","ping_status":"closed","template":"","meta":{"_et_pb_use_builder":"on","_et_pb_old_content":"","_et_gb_content_width":"","footnotes":""},"class_list":["post-152","page","type-page","status-publish","hentry"],"_links":{"self":[{"href":"https:\/\/ferrodesign.pl\/index.php?rest_route=\/wp\/v2\/pages\/152","targetHints":{"allow":["GET"]}}],"collection":[{"href":"https:\/\/ferrodesign.pl\/index.php?rest_route=\/wp\/v2\/pages"}],"about":[{"href":"https:\/\/ferrodesign.pl\/index.php?rest_route=\/wp\/v2\/types\/page"}],"author":[{"embeddable":true,"href":"https:\/\/ferrodesign.pl\/index.php?rest_route=\/wp\/v2\/users\/1"}],"replies":[{"embeddable":true,"href":"https:\/\/ferrodesign.pl\/index.php?rest_route=%2Fwp%2Fv2%2Fcomments&post=152"}],"version-history":[{"count":12,"href":"https:\/\/ferrodesign.pl\/index.php?rest_route=\/wp\/v2\/pages\/152\/revisions"}],"predecessor-version":[{"id":749,"href":"https:\/\/ferrodesign.pl\/index.php?rest_route=\/wp\/v2\/pages\/152\/revisions\/749"}],"wp:attachment":[{"href":"https:\/\/ferrodesign.pl\/index.php?rest_route=%2Fwp%2Fv2%2Fmedia&parent=152"}],"curies":[{"name":"wp","href":"https:\/\/api.w.org\/{rel}","templated":true}]}}