{"id":157,"date":"2024-07-05T17:40:53","date_gmt":"2024-07-05T15:40:53","guid":{"rendered":"http:\/\/ferrodesign.pl\/?page_id=157"},"modified":"2024-07-27T16:10:03","modified_gmt":"2024-07-27T14:10:03","slug":"sprzedaz-stali","status":"publish","type":"page","link":"https:\/\/ferrodesign.pl\/?page_id=157","title":{"rendered":"Sprzeda\u017c Stali"},"content":{"rendered":"<p>[et_pb_section fb_built=&#8221;1&#8243; admin_label=&#8221;Call to Action&#8221; _builder_version=&#8221;4.19.2&#8243; _module_preset=&#8221;default&#8221; collapsed=&#8221;on&#8221; global_colors_info=&#8221;{}&#8221;][et_pb_row column_structure=&#8221;1_2,1_2&#8243; _builder_version=&#8221;4.19.0&#8243; _module_preset=&#8221;default&#8221; global_colors_info=&#8221;{}&#8221;][et_pb_column type=&#8221;1_2&#8243; _builder_version=&#8221;4.19.0&#8243; _module_preset=&#8221;default&#8221; custom_padding=&#8221;8%||8%||true|false&#8221; custom_padding_tablet=&#8221;0%||0%||true|false&#8221; custom_padding_phone=&#8221;0%||0%||true|false&#8221; custom_padding_last_edited=&#8221;on|tablet&#8221; global_colors_info=&#8221;{}&#8221;][et_pb_text _builder_version=&#8221;4.19.2&#8243; _module_preset=&#8221;84f9c6de-14f0-4b57-9fd3-6c35f362866f&#8221; global_colors_info=&#8221;{}&#8221;]<\/p>\n<h1>Sprzeda\u017c stali<\/h1>\n<p>[\/et_pb_text][et_pb_text _builder_version=&#8221;4.24.2&#8243; _module_preset=&#8221;145e0511-1fe0-45a2-b783-d740a2355b49&#8243; global_colors_info=&#8221;{}&#8221;]<\/p>\n<div class=\"flex flex-grow flex-col max-w-full\">\n<div data-message-author-role=\"assistant\" data-message-id=\"fa908a6f-f79f-4963-bbf0-0d5f932875f1\" dir=\"auto\" class=\"min-h-[20px] text-message flex w-full flex-col items-end gap-2 whitespace-pre-wrap break-words [.text-message+&amp;]:mt-5 overflow-x-auto\">\n<div class=\"flex w-full flex-col gap-1 empty:hidden first:pt-[3px]\">\n<div class=\"markdown prose w-full break-words dark:prose-invert light\">\n<p style=\"text-align: justify;\">Prowadzimy sprzeda\u017c wysokiej jako\u015bci stali, oferuj\u0105c szeroki asortyment produkt\u00f3w dla r\u00f3\u017cnych bran\u017c przemys\u0142owych. Nasza stal charakteryzuje si\u0119 wyj\u0105tkow\u0105 wytrzyma\u0142o\u015bci\u0105 i trwa\u0142o\u015bci\u0105, co czyni j\u0105 idealnym materia\u0142em do wielu zastosowa\u0144. Oferujemy r\u00f3\u017cne gatunki i formy stali, aby dostosowa\u0107 ofert\u0119 do specyficznych potrzeb naszych klient\u00f3w. Zapewniamy szybk\u0105 realizacj\u0119 zam\u00f3wie\u0144 oraz konkurencyjne ceny. Skontaktuj si\u0119 z nami, aby dowiedzie\u0107 si\u0119 wi\u0119cej o dost\u0119pnych produktach i z\u0142o\u017cy\u0107 zam\u00f3wienie na stal najwy\u017cszej jako\u015bci.<\/p>\n<\/div>\n<\/div>\n<\/div>\n<\/div>\n<p>[\/et_pb_text][\/et_pb_column][et_pb_column type=&#8221;1_2&#8243; _builder_version=&#8221;4.19.0&#8243; _module_preset=&#8221;default&#8221; global_colors_info=&#8221;{}&#8221;][et_pb_image src=&#8221;https:\/\/ferrodesign.pl\/wp-content\/uploads\/2024\/07\/ferrol1-795&#215;1024.jpg&#8221; title_text=&#8221;ferrol1&#8243; _builder_version=&#8221;4.24.2&#8243; _module_preset=&#8221;default&#8221; global_colors_info=&#8221;{}&#8221;][\/et_pb_image][\/et_pb_column][\/et_pb_row][\/et_pb_section][et_pb_section fb_built=&#8221;1&#8243; _builder_version=&#8221;4.24.2&#8243; _module_preset=&#8221;default&#8221; global_colors_info=&#8221;{}&#8221;][et_pb_row _builder_version=&#8221;4.24.2&#8243; _module_preset=&#8221;default&#8221; global_colors_info=&#8221;{}&#8221;][et_pb_column type=&#8221;4_4&#8243; _builder_version=&#8221;4.24.2&#8243; _module_preset=&#8221;default&#8221; global_colors_info=&#8221;{}&#8221;][et_pb_gallery gallery_ids=&#8221;350,351,352,353,354&#8243; show_title_and_caption=&#8221;off&#8221; hover_icon=&#8221;&#x54;||divi||400&#8243; _builder_version=&#8221;4.24.2&#8243; _module_preset=&#8221;default&#8221; global_colors_info=&#8221;{}&#8221;][\/et_pb_gallery][\/et_pb_column][\/et_pb_row][\/et_pb_section]<\/p>\n","protected":false},"excerpt":{"rendered":"<p>Sprzeda\u017c stali Prowadzimy sprzeda\u017c wysokiej jako\u015bci stali, oferuj\u0105c szeroki asortyment produkt\u00f3w dla r\u00f3\u017cnych bran\u017c przemys\u0142owych. Nasza stal charakteryzuje si\u0119 wyj\u0105tkow\u0105 wytrzyma\u0142o\u015bci\u0105 i trwa\u0142o\u015bci\u0105, co czyni j\u0105 idealnym materia\u0142em do wielu zastosowa\u0144. Oferujemy r\u00f3\u017cne gatunki i formy stali, aby dostosowa\u0107 ofert\u0119 do specyficznych potrzeb naszych klient\u00f3w. Zapewniamy szybk\u0105 realizacj\u0119 zam\u00f3wie\u0144 oraz konkurencyjne ceny. Skontaktuj si\u0119 z [&hellip;]<\/p>\n","protected":false},"author":1,"featured_media":0,"parent":0,"menu_order":0,"comment_status":"closed","ping_status":"closed","template":"","meta":{"_et_pb_use_builder":"on","_et_pb_old_content":"","_et_gb_content_width":"","footnotes":""},"class_list":["post-157","page","type-page","status-publish","hentry"],"_links":{"self":[{"href":"https:\/\/ferrodesign.pl\/index.php?rest_route=\/wp\/v2\/pages\/157","targetHints":{"allow":["GET"]}}],"collection":[{"href":"https:\/\/ferrodesign.pl\/index.php?rest_route=\/wp\/v2\/pages"}],"about":[{"href":"https:\/\/ferrodesign.pl\/index.php?rest_route=\/wp\/v2\/types\/page"}],"author":[{"embeddable":true,"href":"https:\/\/ferrodesign.pl\/index.php?rest_route=\/wp\/v2\/users\/1"}],"replies":[{"embeddable":true,"href":"https:\/\/ferrodesign.pl\/index.php?rest_route=%2Fwp%2Fv2%2Fcomments&post=157"}],"version-history":[{"count":9,"href":"https:\/\/ferrodesign.pl\/index.php?rest_route=\/wp\/v2\/pages\/157\/revisions"}],"predecessor-version":[{"id":745,"href":"https:\/\/ferrodesign.pl\/index.php?rest_route=\/wp\/v2\/pages\/157\/revisions\/745"}],"wp:attachment":[{"href":"https:\/\/ferrodesign.pl\/index.php?rest_route=%2Fwp%2Fv2%2Fmedia&parent=157"}],"curies":[{"name":"wp","href":"https:\/\/api.w.org\/{rel}","templated":true}]}}