{"id":161,"date":"2024-07-05T17:43:18","date_gmt":"2024-07-05T15:43:18","guid":{"rendered":"http:\/\/ferrodesign.pl\/?page_id=161"},"modified":"2024-07-27T16:11:03","modified_gmt":"2024-07-27T14:11:03","slug":"produkcja-nowoczesnych-mebli-z-metalu","status":"publish","type":"page","link":"https:\/\/ferrodesign.pl\/?page_id=161","title":{"rendered":"Produkcja Nowoczesnych Mebli z Metalu"},"content":{"rendered":"<p>[et_pb_section fb_built=&#8221;1&#8243; admin_label=&#8221;Call to Action&#8221; _builder_version=&#8221;4.19.2&#8243; _module_preset=&#8221;default&#8221; collapsed=&#8221;on&#8221; global_colors_info=&#8221;{}&#8221;][et_pb_row column_structure=&#8221;1_2,1_2&#8243; _builder_version=&#8221;4.19.0&#8243; _module_preset=&#8221;default&#8221; global_colors_info=&#8221;{}&#8221;][et_pb_column type=&#8221;1_2&#8243; _builder_version=&#8221;4.19.0&#8243; _module_preset=&#8221;default&#8221; custom_padding=&#8221;8%||8%||true|false&#8221; custom_padding_tablet=&#8221;0%||0%||true|false&#8221; custom_padding_phone=&#8221;0%||0%||true|false&#8221; custom_padding_last_edited=&#8221;on|tablet&#8221; global_colors_info=&#8221;{}&#8221;][et_pb_text _builder_version=&#8221;4.19.2&#8243; _module_preset=&#8221;84f9c6de-14f0-4b57-9fd3-6c35f362866f&#8221; global_colors_info=&#8221;{}&#8221;]<\/p>\n<h1>Produkcja nowoczesnych mebli z metalu\u00a0<\/h1>\n<p>[\/et_pb_text][et_pb_text _builder_version=&#8221;4.24.2&#8243; _module_preset=&#8221;145e0511-1fe0-45a2-b783-d740a2355b49&#8243; global_colors_info=&#8221;{}&#8221;]<\/p>\n<p style=\"text-align: justify;\">W Ferro Design Polska tworzymy nowoczesne meble z metalu, kt\u00f3re \u0142\u0105cz\u0105 w sobie estetyk\u0119 i funkcjonalno\u015b\u0107. Nasze meble charakteryzuj\u0105 si\u0119 unikalnym designem, kt\u00f3ry doskonale wpisuje si\u0119 w nowoczesne wn\u0119trza. Wykorzystujemy tylko najlepsze materia\u0142y, co gwarantuje trwa\u0142o\u015b\u0107 i wytrzyma\u0142o\u015b\u0107 naszych produkt\u00f3w. Ka\u017cdy mebel jest tworzony na zam\u00f3wienie, co pozwala na pe\u0142ne dopasowanie do indywidualnych potrzeb klienta. Zapraszamy do wsp\u00f3\u0142pracy, aby stworzy\u0107 wyj\u0105tkowe meble, kt\u00f3re stan\u0105 si\u0119 ozdob\u0105 ka\u017cdego wn\u0119trza.<\/p>\n<p>[\/et_pb_text][\/et_pb_column][et_pb_column type=&#8221;1_2&#8243; _builder_version=&#8221;4.19.0&#8243; _module_preset=&#8221;default&#8221; global_colors_info=&#8221;{}&#8221;][et_pb_image src=&#8221;https:\/\/ferrodesign.pl\/wp-content\/uploads\/2024\/07\/FB_IMG_1573156592275-255&#215;300.jpg&#8221; title_text=&#8221;FB_IMG_1573156592275&#8243; _builder_version=&#8221;4.24.2&#8243; _module_preset=&#8221;default&#8221; global_colors_info=&#8221;{}&#8221;][\/et_pb_image][\/et_pb_column][\/et_pb_row][\/et_pb_section][et_pb_section fb_built=&#8221;1&#8243; _builder_version=&#8221;4.24.2&#8243; _module_preset=&#8221;default&#8221; global_colors_info=&#8221;{}&#8221;][et_pb_row _builder_version=&#8221;4.24.2&#8243; _module_preset=&#8221;default&#8221; global_colors_info=&#8221;{}&#8221;][et_pb_column type=&#8221;4_4&#8243; _builder_version=&#8221;4.24.2&#8243; _module_preset=&#8221;default&#8221; global_colors_info=&#8221;{}&#8221;][et_pb_gallery gallery_ids=&#8221;356,357,358,359,360,361,362,363&#8243; show_title_and_caption=&#8221;off&#8221; hover_icon=&#8221;&#x54;||divi||400&#8243; _builder_version=&#8221;4.24.2&#8243; _module_preset=&#8221;default&#8221; global_colors_info=&#8221;{}&#8221;][\/et_pb_gallery][\/et_pb_column][\/et_pb_row][\/et_pb_section]<\/p>\n","protected":false},"excerpt":{"rendered":"<p>Produkcja nowoczesnych mebli z metalu\u00a0W Ferro Design Polska tworzymy nowoczesne meble z metalu, kt\u00f3re \u0142\u0105cz\u0105 w sobie estetyk\u0119 i funkcjonalno\u015b\u0107. Nasze meble charakteryzuj\u0105 si\u0119 unikalnym designem, kt\u00f3ry doskonale wpisuje si\u0119 w nowoczesne wn\u0119trza. Wykorzystujemy tylko najlepsze materia\u0142y, co gwarantuje trwa\u0142o\u015b\u0107 i wytrzyma\u0142o\u015b\u0107 naszych produkt\u00f3w. Ka\u017cdy mebel jest tworzony na zam\u00f3wienie, co pozwala na pe\u0142ne dopasowanie [&hellip;]<\/p>\n","protected":false},"author":1,"featured_media":0,"parent":0,"menu_order":0,"comment_status":"closed","ping_status":"closed","template":"","meta":{"_et_pb_use_builder":"on","_et_pb_old_content":"","_et_gb_content_width":"","footnotes":""},"class_list":["post-161","page","type-page","status-publish","hentry"],"_links":{"self":[{"href":"https:\/\/ferrodesign.pl\/index.php?rest_route=\/wp\/v2\/pages\/161","targetHints":{"allow":["GET"]}}],"collection":[{"href":"https:\/\/ferrodesign.pl\/index.php?rest_route=\/wp\/v2\/pages"}],"about":[{"href":"https:\/\/ferrodesign.pl\/index.php?rest_route=\/wp\/v2\/types\/page"}],"author":[{"embeddable":true,"href":"https:\/\/ferrodesign.pl\/index.php?rest_route=\/wp\/v2\/users\/1"}],"replies":[{"embeddable":true,"href":"https:\/\/ferrodesign.pl\/index.php?rest_route=%2Fwp%2Fv2%2Fcomments&post=161"}],"version-history":[{"count":10,"href":"https:\/\/ferrodesign.pl\/index.php?rest_route=\/wp\/v2\/pages\/161\/revisions"}],"predecessor-version":[{"id":751,"href":"https:\/\/ferrodesign.pl\/index.php?rest_route=\/wp\/v2\/pages\/161\/revisions\/751"}],"wp:attachment":[{"href":"https:\/\/ferrodesign.pl\/index.php?rest_route=%2Fwp%2Fv2%2Fmedia&parent=161"}],"curies":[{"name":"wp","href":"https:\/\/api.w.org\/{rel}","templated":true}]}}